{"id":62,"date":"2016-03-31T16:02:31","date_gmt":"2016-03-31T14:02:31","guid":{"rendered":"http:\/\/www.cise-gmbh.com\/?page_id=62"},"modified":"2024-08-04T13:18:14","modified_gmt":"2024-08-04T11:18:14","slug":"1-herrenmannschaft","status":"publish","type":"page","link":"https:\/\/www.medizin-hochweitzschen.de\/?page_id=62","title":{"rendered":"SG Medizin Hochweitzschen \/ D\u00f6belner SC II"},"content":{"rendered":"<p><img fetchpriority=\"high\" decoding=\"async\" class=\"alignnone wp-image-1631 size-full\" src=\"https:\/\/i0.wp.com\/www.medizin-hochweitzschen.de\/wp-content\/uploads\/2019\/08\/Mannschaftsfoto-\u00dcbergang.jpg?resize=620%2C485&#038;ssl=1\" alt=\"\" width=\"620\" height=\"485\" data-recalc-dims=\"1\" \/><\/p>\n<h3>Ansprechpartner<\/h3>\n<h4><span style=\"color: #ff0000;\"><strong>Dieser Eintrag wird zur Zeit bearbeitet, wir bitten um Verst\u00e4ndnis.<\/strong><\/span><\/h4>\n<p><strong> Mannschaftsverantwortlicher: Marco Steinert<\/strong>.<\/p>\n<p>F\u00fcr weitere Infos nutzen Sie bitte unser Kontaktformular.<\/p>\n<h3>Trainingszeiten<\/h3>\n<p><span style=\"color: #ff0000;\">Dieser Eintrag wird zur Zeit bearbeitet, wir bitten um Verst\u00e4ndnis.<\/span><\/p>\n<p>N\u00e4here Infos zu den Spielst\u00e4tten finden Sie unter dem entsprechenden Men\u00fcpunkt<\/p>\n<hr \/>\n\n<div class=\"fussballde_widget include-fussball-de-widgets\"  data-id=\"d923612a-40f8-4070-b9ee-1dd830bce21f\"  data-type=\"squad\"><\/div>\n\n\n<div class=\"fussballde_widget include-fussball-de-widgets\"  data-id=\"51397d6b-dd67-4a9c-ad4f-cda612ef846a\"  data-type=\"next-match\"><\/div>\n\n\n<div class=\"fussballde_widget include-fussball-de-widgets\"  data-id=\"443637ad-ec00-48d6-9539-bde1c3f8e8fc\"  data-type=\"table\"><\/div>\n\n\n\n<div class=\"wp-block-button is-style-outline\"><a class=\"wp-block-button__link has-white-color has-text-color has-background wp-element-button\" href=\"https:\/\/www.medizin-hochweitzschen.de\/?page_id=75\" style=\"background-color:#0e2440\">&lt;&lt; Alte Herren-Mannschaft<br><\/a><\/div>\n\n\n\n<div class=\"wp-block-button is-style-outline\"><a class=\"wp-block-button__link has-white-color has-text-color has-background wp-element-button\" href=\"https:\/\/www.medizin-hochweitzschen.de\/?page_id=65\" style=\"background-color:#0e2440\">2. Herrenmannschaft &gt;&gt;<br><\/a><\/div>\n","protected":false},"excerpt":{"rendered":"<p>Ansprechpartner Dieser Eintrag wird zur Zeit bearbeitet, wir bitten um Verst\u00e4ndnis. Mannschaftsverantwortlicher: Marco Steinert. F\u00fcr weitere Infos nutzen Sie bitte unser Kontaktformular. Trainingszeiten Dieser Eintrag wird zur Zeit bearbeitet, wir bitten um Verst\u00e4ndnis. N\u00e4here Infos zu den Spielst\u00e4tten finden Sie unter dem entsprechenden Men\u00fcpunkt<\/p>\n","protected":false},"author":2,"featured_media":0,"parent":13,"menu_order":11,"comment_status":"closed","ping_status":"closed","template":"template-fullwidth.php","meta":{"jetpack_post_was_ever_published":false,"footnotes":""},"jetpack_sharing_enabled":true,"jetpack_shortlink":"https:\/\/wp.me\/PaTP3p-10","_links":{"self":[{"href":"https:\/\/www.medizin-hochweitzschen.de\/index.php?rest_route=\/wp\/v2\/pages\/62"}],"collection":[{"href":"https:\/\/www.medizin-hochweitzschen.de\/index.php?rest_route=\/wp\/v2\/pages"}],"about":[{"href":"https:\/\/www.medizin-hochweitzschen.de\/index.php?rest_route=\/wp\/v2\/types\/page"}],"author":[{"embeddable":true,"href":"https:\/\/www.medizin-hochweitzschen.de\/index.php?rest_route=\/wp\/v2\/users\/2"}],"replies":[{"embeddable":true,"href":"https:\/\/www.medizin-hochweitzschen.de\/index.php?rest_route=%2Fwp%2Fv2%2Fcomments&post=62"}],"version-history":[{"count":41,"href":"https:\/\/www.medizin-hochweitzschen.de\/index.php?rest_route=\/wp\/v2\/pages\/62\/revisions"}],"predecessor-version":[{"id":4033,"href":"https:\/\/www.medizin-hochweitzschen.de\/index.php?rest_route=\/wp\/v2\/pages\/62\/revisions\/4033"}],"up":[{"embeddable":true,"href":"https:\/\/www.medizin-hochweitzschen.de\/index.php?rest_route=\/wp\/v2\/pages\/13"}],"wp:attachment":[{"href":"https:\/\/www.medizin-hochweitzschen.de\/index.php?rest_route=%2Fwp%2Fv2%2Fmedia&parent=62"}],"curies":[{"name":"wp","href":"https:\/\/api.w.org\/{rel}","templated":true}]}}