{"id":3734,"date":"2023-09-24T18:39:38","date_gmt":"2023-09-24T16:39:38","guid":{"rendered":"https:\/\/www.medizin-hochweitzschen.de\/?page_id=3734"},"modified":"2023-10-11T14:07:45","modified_gmt":"2023-10-11T12:07:45","slug":"crowdfunding-projekt-vereinsbus","status":"publish","type":"page","link":"https:\/\/www.medizin-hochweitzschen.de\/?page_id=3734","title":{"rendered":"Crowdfunding Projekt Vereinsbus"},"content":{"rendered":"\n<p>F\u00fcr den Herbst 2023 haben wir unser n\u00e4chstes gro\u00dfes Projekt geplant. Zusammen mit eurer Unterst\u00fctzung wollen wir uns einen lang ersehnten Traum erm\u00f6glichen. Einen eigenen Vereinsbus. <\/p>\n\n\n\n<p>Als kleiner regionaler Verein sind wir leider immer wieder auf unsere treuen Trainer und Eltern angewiesen die Ihre Spieler und Kinder zum Training fahren oder bei den Spielen begleiten. Leider haben wir es auch schon \u00f6fter erlebt das ein Kind das Training oder gar das Spiel nicht besuchen kann weil ein Elternteil mal nicht fahren kann oder das Kind f\u00fcr eine Fahrgemeinschaft zu weit weg wohnt. Im Unterschied zu den St\u00e4dten f\u00e4hrt bei uns leider auch kein Bus aller 5 Minuten sondern nur 2 mal am Tag. <\/p>\n\n\n\n<p>Um also unseren Eltern und Trainer die Arbeit zu erleichtern m\u00f6chten wir einen Kleinbus anschaffen mit welchem unsere Trainer bis zu 8 Spieler mitnehmen k\u00f6nnten. Unser Mobilit\u00e4tspartner  bei der Aktion wird das Autohaus Naumann aus Leisnig. Zusammen werden wir bei einer erfolgreichen Crowdfunding Kampagne ein passendes Fahrzeug beschaffen. Bei Problemen mit dem Fahrzeug haben wir au\u00dferdem mit Herrn Naumann immer einen kompetenten Ansprechpartner. Die \u00e4u\u00dfere Gestaltung des Fahrzeuges werden wir zusammen mit der Firma Arten und Vielfalt realisieren.<\/p>\n\n\n\n<figure class=\"wp-block-image size-full\"><img fetchpriority=\"high\" decoding=\"async\" width=\"620\" height=\"268\" src=\"https:\/\/i0.wp.com\/www.medizin-hochweitzschen.de\/wp-content\/uploads\/2023\/09\/Vereinsbus-Ideen.png?resize=620%2C268&#038;ssl=1\" alt=\"\" class=\"wp-image-3736\" srcset=\"https:\/\/i0.wp.com\/www.medizin-hochweitzschen.de\/wp-content\/uploads\/2023\/09\/Vereinsbus-Ideen.png?w=950&amp;ssl=1 950w, https:\/\/i0.wp.com\/www.medizin-hochweitzschen.de\/wp-content\/uploads\/2023\/09\/Vereinsbus-Ideen.png?resize=300%2C130&amp;ssl=1 300w, https:\/\/i0.wp.com\/www.medizin-hochweitzschen.de\/wp-content\/uploads\/2023\/09\/Vereinsbus-Ideen.png?resize=768%2C332&amp;ssl=1 768w, https:\/\/i0.wp.com\/www.medizin-hochweitzschen.de\/wp-content\/uploads\/2023\/09\/Vereinsbus-Ideen.png?resize=100%2C43&amp;ssl=1 100w, https:\/\/i0.wp.com\/www.medizin-hochweitzschen.de\/wp-content\/uploads\/2023\/09\/Vereinsbus-Ideen.png?resize=50%2C22&amp;ssl=1 50w, https:\/\/i0.wp.com\/www.medizin-hochweitzschen.de\/wp-content\/uploads\/2023\/09\/Vereinsbus-Ideen.png?resize=25%2C11&amp;ssl=1 25w, https:\/\/i0.wp.com\/www.medizin-hochweitzschen.de\/wp-content\/uploads\/2023\/09\/Vereinsbus-Ideen.png?resize=150%2C65&amp;ssl=1 150w\" sizes=\"(max-width: 620px) 100vw, 620px\" data-recalc-dims=\"1\" \/><figcaption class=\"wp-element-caption\">Beispielbild <\/figcaption><\/figure>\n\n\n\n<p><strong>Warum haben wir uns f\u00fcr Crowdfunding entschieden ?<\/strong><\/p>\n\n\n\n<p>Im Gegensatz zum klassischen Sponsoring ist Crowdfunding f\u00fcr die Geldgeber risikofrei. Bei nicht erreichten Spendenziel wird kein Geld \u00fcberwiesen. Au\u00dferdem haben wir mit der Plattform FAIRPLAID eine Firma mit viel Erfahrung und eigenem Netzwerk im Crowdfunding Bereich gefunden welche uns bereits seit der Vorbereitung tatkr\u00e4ftig unterst\u00fctzt. <\/p>\n\n\n\n<p><strong>Was ist Crowdfunding \u00fcberhaupt ?<\/strong><\/p>\n\n\n\n<p>Der Begriff Crowdfunding erkl\u00e4rt das Prinzip eigentlich schon recht gut. Die Crowd (engl. Menge) sammelt zusammen Geld (engl. funding) f\u00fcr verschiedenste Projekte. Dabei ist es egal ob du als Privatperson deinen Lieblingsverein unterst\u00fctzt oder als Unternehmen deine Werbereichweite vergr\u00f6\u00dfern willst.<\/p>\n\n\n\n<figure class=\"wp-block-image size-full\"><img decoding=\"async\" width=\"620\" height=\"368\" src=\"https:\/\/i0.wp.com\/www.medizin-hochweitzschen.de\/wp-content\/uploads\/2023\/09\/crowdfunding.jpg?resize=620%2C368&#038;ssl=1\" alt=\"\" class=\"wp-image-3735\" srcset=\"https:\/\/i0.wp.com\/www.medizin-hochweitzschen.de\/wp-content\/uploads\/2023\/09\/crowdfunding.jpg?w=754&amp;ssl=1 754w, https:\/\/i0.wp.com\/www.medizin-hochweitzschen.de\/wp-content\/uploads\/2023\/09\/crowdfunding.jpg?resize=300%2C178&amp;ssl=1 300w, https:\/\/i0.wp.com\/www.medizin-hochweitzschen.de\/wp-content\/uploads\/2023\/09\/crowdfunding.jpg?resize=100%2C59&amp;ssl=1 100w, https:\/\/i0.wp.com\/www.medizin-hochweitzschen.de\/wp-content\/uploads\/2023\/09\/crowdfunding.jpg?resize=50%2C30&amp;ssl=1 50w, https:\/\/i0.wp.com\/www.medizin-hochweitzschen.de\/wp-content\/uploads\/2023\/09\/crowdfunding.jpg?resize=25%2C15&amp;ssl=1 25w, https:\/\/i0.wp.com\/www.medizin-hochweitzschen.de\/wp-content\/uploads\/2023\/09\/crowdfunding.jpg?resize=150%2C89&amp;ssl=1 150w\" sizes=\"(max-width: 620px) 100vw, 620px\" data-recalc-dims=\"1\" \/><figcaption class=\"wp-element-caption\">Quelle: https:\/\/www.fairplaid.org\/so-funktionierts<\/figcaption><\/figure>\n\n\n\n<p><strong>Unsere Pr\u00e4mien <\/strong><\/p>\n\n\n\n<p>Um unseren Unterst\u00fctzern einen Anreiz zu geben bietet unsere Plattformen die M\u00f6glichkeit Pr\u00e4mien mit Spenden zu erkaufen. Daf\u00fcr haben wir sorgf\u00e4ltig einige Pr\u00e4mien ausgesucht. Vom Firmennamen auf dem Fahrtzeug \u00fcber original Trikots bis hin zum Vereinsschal gibt es einiges zu ergattern. Schnell sein lohnt sich. Au\u00dferdem erh\u00e4lt jeder Unterst\u00fctzer nat\u00fcrlich eine Spendenquittung nach erfolgreicher Realisierung des Projektes. <\/p>\n\n\n\n<p><strong>Wo und wie kann ich mitmachen ?<\/strong><\/p>\n\n\n\n<p>Zum Spenden einfach auf den Button unten klicken und du wirst auf die Seite unseres Partners FAIRPLAID weitergeleitet. Dort kannst du dich noch einmal zum Projekt belesen Pr\u00e4mien aussuchen oder direkt Geld in den Spendentopf werfen. <\/p>\n\n\n\n<div class=\"wp-block-buttons is-layout-flex wp-block-buttons-is-layout-flex\">\n<div class=\"wp-block-button has-custom-width wp-block-button__width-100 has-custom-font-size is-style-fill has-medium-font-size\"><a class=\"wp-block-button__link has-background has-text-align-center wp-element-button\" href=\"https:\/\/www.fairplaid.org\/svmedizin\" style=\"background:radial-gradient(rgb(2,3,129) 0%,rgb(40,116,252) 100%)\">Hier gehts zur Spendenseite <\/a><\/div>\n<\/div>\n\n\n\n<div style=\"height:53px\" aria-hidden=\"true\" class=\"wp-block-spacer\"><\/div>\n\n\n\n<p>Wenn digitale Technik nicht dein Ding ist haben wir auch Spendenh\u00e4user in der Region verteilt. Diese findest du bei folgenden Partnern:<\/p>\n\n\n\n<ul>\n<li><a href=\"https:\/\/www.google.com\/maps\/dir\/51.11808,13.1072\/auto+naumann+leisnig\/@51.1407081,12.8526744,11z\/data=!4m10!4m9!1m1!4e1!1m5!1m1!1s0x47a70da5bd4b9c15:0xa60737a8d835e1df!2m2!1d12.9263249!2d51.1499808!5i2?entry=ttu\" target=\"_blank\" rel=\"noreferrer noopener\">Autohaus Naumann in Leisnig <\/a><\/li>\n\n\n\n<li><a href=\"https:\/\/www.google.com\/maps\/dir\/51.11808,13.1072\/auto+naumann+leisnig\/@51.1407081,12.8526744,11z\/data=!4m10!4m9!1m1!4e1!1m5!1m1!1s0x47a70da5bd4b9c15:0xa60737a8d835e1df!2m2!1d12.9263249!2d51.1499808!5i2?entry=ttu\">B\u00e4ckerei K\u00f6rner Gro\u00dfweitzschen<\/a> <\/li>\n\n\n\n<li><a href=\"https:\/\/www.google.com\/maps\/dir\/\/blumen+abc+d%C3%B6beln\/data=!4m6!4m5!1m1!4e2!1m2!1m1!1s0x47a771e6dc211aeb:0x772aa5be7beb3392?sa=X&amp;ved=2ahUKEwi6psvL3MOBAxWRywIHHaupAdgQ9Rd6BAg7EAA&amp;ved=2ahUKEwi6psvL3MOBAxWRywIHHaupAdgQ9Rd6BAg-EAU\">Blumen ABC D\u00f6beln<\/a> <\/li>\n\n\n\n<li><a href=\"https:\/\/www.google.com\/maps\/dir\/51.11808,13.1072\/sv+medizin+hochweitzschen\/@51.1372435,12.9866772,12z\/data=!3m1!4b1!4m9!4m8!1m1!4e1!1m5!1m1!1s0x47a7728d7b742313:0xd7afd9ed25d3663a!2m2!1d13.0286489!2d51.143362?entry=ttu\">und bei uns zu allen Heimspielen im Vereinsheim<\/a><\/li>\n<\/ul>\n\n\n\n<p>Zum Abschluss haben wir noch eine Bitte an euch teilt unser Projekt gerne mit euren Freunden, Verwanden, Kollegen und Bekannten. Je mehr dabei mitmachen desto einfacher k\u00f6nnen wir unseren Traum realisieren.<\/p>\n\n\n\n<p>Vielen Dank <\/p>\n\n\n\n<p><strong>Noch Fragen ?<\/strong><\/p>\n\n\n\n<p>Du hast Interesse an unserem Projekt und willst uns unterst\u00fctzen bist dir \u00fcber ein zwei Sachen aber noch im Unklaren? Dann schreib uns einfach eine Nachricht \u00fcber das Kontaktformular und wir melden uns schnellstm\u00f6glich bei dir zur\u00fcck. <\/p>\n\n\n","protected":false},"excerpt":{"rendered":"<p>F\u00fcr den Herbst 2023 haben wir unser n\u00e4chstes gro\u00dfes Projekt geplant. Zusammen mit eurer Unterst\u00fctzung wollen wir uns einen lang ersehnten Traum erm\u00f6glichen. Einen eigenen Vereinsbus. Als kleiner regionaler Verein sind wir leider immer wieder auf unsere treuen Trainer und Eltern angewiesen die Ihre Spieler und Kinder zum Training fahren oder bei den Spielen begleiten. [&hellip;]<\/p>\n","protected":false},"author":4,"featured_media":3744,"parent":0,"menu_order":0,"comment_status":"closed","ping_status":"closed","template":"","meta":{"jetpack_post_was_ever_published":false,"footnotes":""},"jetpack_sharing_enabled":true,"jetpack_shortlink":"https:\/\/wp.me\/PaTP3p-Ye","_links":{"self":[{"href":"https:\/\/www.medizin-hochweitzschen.de\/index.php?rest_route=\/wp\/v2\/pages\/3734"}],"collection":[{"href":"https:\/\/www.medizin-hochweitzschen.de\/index.php?rest_route=\/wp\/v2\/pages"}],"about":[{"href":"https:\/\/www.medizin-hochweitzschen.de\/index.php?rest_route=\/wp\/v2\/types\/page"}],"author":[{"embeddable":true,"href":"https:\/\/www.medizin-hochweitzschen.de\/index.php?rest_route=\/wp\/v2\/users\/4"}],"replies":[{"embeddable":true,"href":"https:\/\/www.medizin-hochweitzschen.de\/index.php?rest_route=%2Fwp%2Fv2%2Fcomments&post=3734"}],"version-history":[{"count":11,"href":"https:\/\/www.medizin-hochweitzschen.de\/index.php?rest_route=\/wp\/v2\/pages\/3734\/revisions"}],"predecessor-version":[{"id":3751,"href":"https:\/\/www.medizin-hochweitzschen.de\/index.php?rest_route=\/wp\/v2\/pages\/3734\/revisions\/3751"}],"wp:featuredmedia":[{"embeddable":true,"href":"https:\/\/www.medizin-hochweitzschen.de\/index.php?rest_route=\/wp\/v2\/media\/3744"}],"wp:attachment":[{"href":"https:\/\/www.medizin-hochweitzschen.de\/index.php?rest_route=%2Fwp%2Fv2%2Fmedia&parent=3734"}],"curies":[{"name":"wp","href":"https:\/\/api.w.org\/{rel}","templated":true}]}}